{"id":497,"date":"2022-11-04T16:53:06","date_gmt":"2022-11-04T16:53:06","guid":{"rendered":"http:\/\/crawlercrew.de\/?page_id=497"},"modified":"2024-02-28T14:15:24","modified_gmt":"2024-02-28T13:15:24","slug":"anmelden","status":"publish","type":"page","link":"https:\/\/www.crawlercrew.de\/?page_id=497","title":{"rendered":"Anmelden \/ Registrieren"},"content":{"rendered":"\n\n<form method=\"post\" action=\"https:\/\/www.crawlercrew.de\/wp-login.php\" class=\"bbp-login-form\">\n\t<fieldset class=\"bbp-form\">\n\t\t<legend>Konto erstellen<\/legend>\n\n\t\t\n\t\t<div class=\"bbp-template-notice\">\n\t\t\t<ul>\n\t\t\t\t<li>Dein Benutzername muss einzigartig sein, und kann im Nachhinein nicht mehr ge\u00e4ndert werden.<\/li>\n\t\t\t\t<li>Wir ben\u00f6tigen deine E-Mail-Adresse, um dir ein sicheres Passwort schicken und um dein Konto \u00fcberpr\u00fcfen zu k\u00f6nnen.<\/li>\n\t\t\t<\/ul>\n\t\t<\/div>\n\n\t\t<div class=\"bbp-username\">\n\t\t\t<label for=\"user_login\">Benutzername: <\/label>\n\t\t\t<input type=\"text\" name=\"user_login\" value=\"\" size=\"20\" id=\"user_login\" maxlength=\"100\" autocomplete=\"off\" \/>\n\t\t<\/div>\n\n\t\t<div class=\"bbp-email\">\n\t\t\t<label for=\"user_email\">E-Mail: <\/label>\n\t\t\t<input type=\"text\" name=\"user_email\" value=\"\" size=\"20\" id=\"user_email\" maxlength=\"100\" autocomplete=\"off\" \/>\n\t\t<\/div>\n\n\t\t<!-- Noptin Newsletters - https:\/\/noptin.com\/ --><p class='noptin_registration_form_optin_checkbox_wrapper'>\t\t\t<label class=\"noptin-integration-subscription-checkbox noptin-integration-subscription-checkbox-registration_form\" >\n\t\t\t\t<input type=\"checkbox\" name=\"noptin-subscribe\" value=\"1\" \/>\n\t\t\t\t<span>F\u00fcgen Sie mich zu Ihrem Newsletter hinzu und halten Sie mich auf dem Laufenden, wenn Sie neue Blog-Beitr\u00e4ge ver\u00f6ffentlichen.<\/span>\n\t\t\t<\/label>\n\t\t<\/p><!-- \/ Noptin Newsletters -->\n\t\t<div class=\"bbp-submit-wrapper\">\n\n\t\t\t<button type=\"submit\" name=\"user-submit\" class=\"button submit user-submit\">Registrieren<\/button>\n\n\t\t\t\n\t<input type=\"hidden\" name=\"action\"      value=\"register\" \/>\n\t<input type=\"hidden\" name=\"user-cookie\" value=\"1\" \/>\n\n\t<input type=\"hidden\" id=\"bbp_redirect_to\" name=\"redirect_to\" value=\"?checkemail=registered\" \/><input type=\"hidden\" id=\"_wpnonce\" name=\"_wpnonce\" value=\"bd93cd5ddf\" \/><input type=\"hidden\" name=\"_wp_http_referer\" value=\"\/index.php?rest_route=%2Fwp%2Fv2%2Fpages%2F497\" \/>\n\t\t<\/div>\n\n\t\t\n\t<\/fieldset>\n<\/form>\n\n","protected":false},"excerpt":{"rendered":"","protected":false},"author":1,"featured_media":0,"parent":0,"menu_order":0,"comment_status":"closed","ping_status":"closed","template":"","meta":{"_bbp_topic_count":0,"_bbp_reply_count":0,"_bbp_total_topic_count":0,"_bbp_total_reply_count":0,"_bbp_voice_count":0,"_bbp_anonymous_reply_count":0,"_bbp_topic_count_hidden":0,"_bbp_reply_count_hidden":0,"_bbp_forum_subforum_count":0,"ngg_post_thumbnail":0,"_mc_calendar":[],"footnotes":""},"_links":{"self":[{"href":"https:\/\/www.crawlercrew.de\/index.php?rest_route=\/wp\/v2\/pages\/497"}],"collection":[{"href":"https:\/\/www.crawlercrew.de\/index.php?rest_route=\/wp\/v2\/pages"}],"about":[{"href":"https:\/\/www.crawlercrew.de\/index.php?rest_route=\/wp\/v2\/types\/page"}],"author":[{"embeddable":true,"href":"https:\/\/www.crawlercrew.de\/index.php?rest_route=\/wp\/v2\/users\/1"}],"replies":[{"embeddable":true,"href":"https:\/\/www.crawlercrew.de\/index.php?rest_route=%2Fwp%2Fv2%2Fcomments&post=497"}],"version-history":[{"count":5,"href":"https:\/\/www.crawlercrew.de\/index.php?rest_route=\/wp\/v2\/pages\/497\/revisions"}],"predecessor-version":[{"id":1695,"href":"https:\/\/www.crawlercrew.de\/index.php?rest_route=\/wp\/v2\/pages\/497\/revisions\/1695"}],"wp:attachment":[{"href":"https:\/\/www.crawlercrew.de\/index.php?rest_route=%2Fwp%2Fv2%2Fmedia&parent=497"}],"curies":[{"name":"wp","href":"https:\/\/api.w.org\/{rel}","templated":true}]}}