{"id":148,"date":"2022-08-22T15:43:57","date_gmt":"2022-08-22T15:43:57","guid":{"rendered":"http:\/\/crawlercrew.de\/?page_id=148"},"modified":"2022-09-26T10:27:08","modified_gmt":"2022-09-26T10:27:08","slug":"crawlerpark-dockweiler-2","status":"publish","type":"page","link":"https:\/\/www.crawlercrew.de\/?page_id=148","title":{"rendered":"Crawlerpark Campingpark Dockweiler M\u00fchle"},"content":{"rendered":"\n<p>Ein Traum  wird wahr&#8230;<\/p>\n\n\n\n<p>Die Entstehung eines Crawlerparks aus einer Interessengemeinschaft, und durch freiwillige Spenden und Arbeitsleistung finanziert, startete im Februar 2022.<\/p>\n\n\n\n<p>2 Jahre waren wir auf der Suche, konnten aber leider kein passendes Grundst\u00fcck finden. Und dann ergab sich die M\u00f6glichkeit einer Win Win Situation. Der Campingpark Dockweiler M\u00fchle hatte einen Besitzwechsel innerhalb der schwierigen wirtschaftliche Lage durch Corona. Schnell hatte man sich auf dem ersten Sommerfest mit 38 Teilnehmern unsererseits darauf geeinigt, das das Konzept Crawlerpark in der Verbindung mit der \u00dcbernachtungsm\u00f6glichkeit so bis dahin einzigartig war.<\/p>\n\n\n\n<p><\/p>\n\n\n\n<p>Und auch das passende alternativ nicht nutzbare Brachland war schnell gefunden. Startschuss! Im Februar gerodet, von M\u00e4rz bis August durch freiwillige Helfer aufgebaut, und dann die Er\u00f6ffnung. Ein voller Erfolg mit 160 angemeldeten Personen, und davon 120 mit Crawlern und Booten.<\/p>\n\n\n\n<p>Ja auf unseren Angelteichen, haben wir auch die M\u00f6glichkeit w\u00e4hrend Events mit Elektro Booten, nach Absprache zu fahren.<\/p>\n\n\n\n<p><\/p>\n\n\n\n<p>Diese Seite hier haben wir f\u00fcr euch geschaffen, um auf dem laufenden zu bleiben bez\u00fcglich Events und Ausfahrten.<\/p>\n\n\n\n<p><\/p>\n\n\n\n<p>Solltet ihr Anregungen haben, seid ihr jederzeit herzlich Willkommen euch damit an unser Orga Team zu wenden. <\/p>\n\n\n\n<p><\/p>\n\n\n\n<p>Die Benutzung des Parkes ist f\u00fcr alle die einen Stellplatz auf dem Campingplatz gebucht haben inklusive. Die Anmeldung der Nutzung des Crawlerpark erfolgt bitte in jedem Fall unter joschi@crawlercrew.de, da der Campingplatz nicht in die Abwicklung des Fahrer Lager involviert ist.<\/p>\n\n\n\n<p>\u00dcbernachtungsm\u00f6glichkeiten k\u00f6nnt ihr Buchen unter:<\/p>\n\n\n\n<p><\/p>\n\n\n\n<p><a href=\"https:\/\/www.campingpark-dockweiler-muehle.de\/\">https:\/\/www.campingpark-dockweiler-muehle.de\/<\/a><\/p>\n\n\n\n<p><\/p>\n\n\n\n<p>Vielen Dank f\u00fcr die Unterst\u00fctzung!<\/p>\n\n\n\n<p><\/p>\n\n\n\n<p>Joschi und die Crawler Crew<\/p>\n","protected":false},"excerpt":{"rendered":"<p>Ein Traum wird wahr&#8230; Die Entstehung eines Crawlerparks aus einer Interessengemeinschaft, und durch freiwillige Spenden und Arbeitsleistung finanziert, startete im Februar 2022. 2 Jahre waren wir auf der Suche, konnten aber leider kein passendes Grundst\u00fcck finden. Und dann ergab sich die M\u00f6glichkeit einer Win Win Situation. Der Campingpark Dockweiler M\u00fchle hatte einen Besitzwechsel innerhalb der &hellip; <a href=\"https:\/\/www.crawlercrew.de\/?page_id=148\" class=\"more-link\"><span class=\"screen-reader-text\">Crawlerpark Campingpark Dockweiler M\u00fchle<\/span> weiterlesen <span class=\"meta-nav\">&rarr;<\/span><\/a><\/p>\n","protected":false},"author":2,"featured_media":242,"parent":0,"menu_order":0,"comment_status":"closed","ping_status":"closed","template":"","meta":{"_bbp_topic_count":0,"_bbp_reply_count":0,"_bbp_total_topic_count":0,"_bbp_total_reply_count":0,"_bbp_voice_count":0,"_bbp_anonymous_reply_count":0,"_bbp_topic_count_hidden":0,"_bbp_reply_count_hidden":0,"_bbp_forum_subforum_count":0,"ngg_post_thumbnail":0,"_mc_calendar":[],"footnotes":""},"_links":{"self":[{"href":"https:\/\/www.crawlercrew.de\/index.php?rest_route=\/wp\/v2\/pages\/148"}],"collection":[{"href":"https:\/\/www.crawlercrew.de\/index.php?rest_route=\/wp\/v2\/pages"}],"about":[{"href":"https:\/\/www.crawlercrew.de\/index.php?rest_route=\/wp\/v2\/types\/page"}],"author":[{"embeddable":true,"href":"https:\/\/www.crawlercrew.de\/index.php?rest_route=\/wp\/v2\/users\/2"}],"replies":[{"embeddable":true,"href":"https:\/\/www.crawlercrew.de\/index.php?rest_route=%2Fwp%2Fv2%2Fcomments&post=148"}],"version-history":[{"count":5,"href":"https:\/\/www.crawlercrew.de\/index.php?rest_route=\/wp\/v2\/pages\/148\/revisions"}],"predecessor-version":[{"id":240,"href":"https:\/\/www.crawlercrew.de\/index.php?rest_route=\/wp\/v2\/pages\/148\/revisions\/240"}],"wp:featuredmedia":[{"embeddable":true,"href":"https:\/\/www.crawlercrew.de\/index.php?rest_route=\/wp\/v2\/media\/242"}],"wp:attachment":[{"href":"https:\/\/www.crawlercrew.de\/index.php?rest_route=%2Fwp%2Fv2%2Fmedia&parent=148"}],"curies":[{"name":"wp","href":"https:\/\/api.w.org\/{rel}","templated":true}]}}